{"id":7,"date":"2025-10-17T18:27:41","date_gmt":"2025-10-17T18:27:41","guid":{"rendered":"https:\/\/www.jedapools.com\/?page_id=7"},"modified":"2025-10-27T18:37:07","modified_gmt":"2025-10-27T18:37:07","slug":"inicio","status":"publish","type":"page","link":"https:\/\/www.jedapools.com\/en\/","title":{"rendered":"Home"},"content":{"rendered":"<div data-elementor-type=\"wp-post\" data-elementor-id=\"7\" class=\"elementor elementor-7\">\n\t\t\t\t<div class=\"elementor-element elementor-element-c85d04d e-flex e-con-boxed e-con e-parent\" data-id=\"c85d04d\" data-element_type=\"container\" data-e-type=\"container\" data-settings=\"{&quot;background_background&quot;:&quot;video&quot;,&quot;background_video_link&quot;:&quot;https:\\\/\\\/www.jedapools.com\\\/wp-content\\\/uploads\\\/2025\\\/10\\\/production_id_4932538-2160p_1.mp4&quot;,&quot;background_play_on_mobile&quot;:&quot;yes&quot;}\">\n\t\t\t\t\t<div class=\"e-con-inner\">\n\t\t<div class=\"elementor-background-video-container\">\n\t\t\t\t\t\t\t<video class=\"elementor-background-video-hosted\" role=\"presentation\" autoplay muted playsinline loop><\/video>\n\t\t\t\t\t<\/div>\t\t<div class=\"elementor-element elementor-element-080314a elementor-widget elementor-widget-elementskit-heading\" data-id=\"080314a\" data-element_type=\"widget\" data-e-type=\"widget\" data-widget_type=\"elementskit-heading.default\">\n\t\t\t\t\t<div class=\"ekit-wid-con\" ><div class=\"ekit-heading elementskit-section-title-wraper text_center   ekit_heading_tablet-   ekit_heading_mobile-\"><h1 class=\"ekit-heading--title elementskit-section-title\">JE&amp;DA POOLS<\/h1><h3 class=\"ekit-heading--subtitle elementskit-section-subtitle\">\n\t\t\t\t\t\tReinforced sheet for swimming pools\n\t\t\t\t\t<\/h3><\/div><\/div>\t\t\t\t<\/div>\n\t\t\t\t\t<\/div>\n\t\t\t\t<\/div>\n\t\t<div class=\"elementor-element elementor-element-2e18f06 e-flex e-con-boxed e-con e-parent\" data-id=\"2e18f06\" data-element_type=\"container\" data-e-type=\"container\">\n\t\t\t\t\t<div class=\"e-con-inner\">\n\t\t\t\t<div class=\"elementor-element elementor-element-b62a760 elementor-widget elementor-widget-heading\" data-id=\"b62a760\" data-element_type=\"widget\" data-e-type=\"widget\" data-widget_type=\"heading.default\">\n\t\t\t\t\t<h3 class=\"elementor-heading-title elementor-size-default\">Before looking for unreliable and unguaranteed alternatives, we offer you all the technical and professional advice that PVC reinforced sheeting offers.<\/h3>\t\t\t\t<\/div>\n\t\t\t\t<div class=\"elementor-element elementor-element-cb6cc82 elementor-align-center elementor-widget elementor-widget-elementskit-button\" data-id=\"cb6cc82\" data-element_type=\"widget\" data-e-type=\"widget\" data-widget_type=\"elementskit-button.default\">\n\t\t\t\t\t<div class=\"ekit-wid-con\" >\t\t<div class=\"ekit-btn-wraper\">\n\t\t\t\t\t\t\t<a href=\"\/en\/nuestra-empresa\/\" class=\"elementskit-btn  whitespace--normal\" id=\"\">\n\t\t\t\t\tOur company\t\t\t\t<\/a>\n\t\t\t\t\t<\/div>\n        <\/div>\t\t\t\t<\/div>\n\t\t\t\t\t<\/div>\n\t\t\t\t<\/div>\n\t\t<div class=\"elementor-element elementor-element-a3dccd7 e-grid e-con-boxed e-con e-parent\" data-id=\"a3dccd7\" data-element_type=\"container\" data-e-type=\"container\">\n\t\t\t\t\t<div class=\"e-con-inner\">\n\t\t\t\t<div class=\"elementor-element elementor-element-05a3dba elementor-widget elementor-widget-image\" data-id=\"05a3dba\" data-element_type=\"widget\" data-e-type=\"widget\" data-widget_type=\"image.default\">\n\t\t\t\t\t\t\t\t\t\t\t\t\t\t\t<img fetchpriority=\"high\" decoding=\"async\" width=\"768\" height=\"576\" src=\"https:\/\/www.jedapools.com\/wp-content\/uploads\/2025\/10\/Imagen-de-WhatsApp-2023-12-29-a-las-12.55.31_35400e77-768x576-1.jpg\" class=\"attachment-large size-large wp-image-112\" alt=\"\" srcset=\"https:\/\/www.jedapools.com\/wp-content\/uploads\/2025\/10\/Imagen-de-WhatsApp-2023-12-29-a-las-12.55.31_35400e77-768x576-1.jpg 768w, https:\/\/www.jedapools.com\/wp-content\/uploads\/2025\/10\/Imagen-de-WhatsApp-2023-12-29-a-las-12.55.31_35400e77-768x576-1-300x225.jpg 300w, https:\/\/www.jedapools.com\/wp-content\/uploads\/2025\/10\/Imagen-de-WhatsApp-2023-12-29-a-las-12.55.31_35400e77-768x576-1-16x12.jpg 16w\" sizes=\"(max-width: 768px) 100vw, 768px\" \/>\t\t\t\t\t\t\t\t\t\t\t\t\t\t\t<\/div>\n\t\t<div class=\"elementor-element elementor-element-a2a5558 e-con-full e-flex e-con e-child\" data-id=\"a2a5558\" data-element_type=\"container\" data-e-type=\"container\">\n\t\t\t\t<div class=\"elementor-element elementor-element-c66ec7a elementor-widget elementor-widget-heading\" data-id=\"c66ec7a\" data-element_type=\"widget\" data-e-type=\"widget\" data-widget_type=\"heading.default\">\n\t\t\t\t\t<h2 class=\"elementor-heading-title elementor-size-default\">Armored plate<\/h2>\t\t\t\t<\/div>\n\t\t\t\t<div class=\"elementor-element elementor-element-9a102e3 elementor-widget elementor-widget-text-editor\" data-id=\"9a102e3\" data-element_type=\"widget\" data-e-type=\"widget\" data-widget_type=\"text-editor.default\">\n\t\t\t\t\t\t\t\t\t<div id=\"brxe-jhwsnz\" class=\"brxe-text\"><p>The PVC reinforced sheet adapts to all shapes, creating a custom-made dress for your pool by thermofusion between sheets. The result is exceptional, backed by a 15-year guarantee on the tightness of the vessel.<\/p><p>Our proposal eliminates the need for heavy and cumbersome construction work. We offer customized solutions and designs to meet the expectations of demanding customers like you.<\/p><p>Don\u2019t hesitate any longer and stop looking for unreliable and unguaranteed arrangements. Reinforced PVC represents the best choice for the rehabilitation of your pool.<\/p><\/div>\t\t\t\t\t\t\t\t<\/div>\n\t\t\t\t<div class=\"elementor-element elementor-element-4a08129 elementor-align-left elementor-widget elementor-widget-elementskit-button\" data-id=\"4a08129\" data-element_type=\"widget\" data-e-type=\"widget\" data-widget_type=\"elementskit-button.default\">\n\t\t\t\t\t<div class=\"ekit-wid-con\" >\t\t<div class=\"ekit-btn-wraper\">\n\t\t\t\t\t\t\t<a href=\"\/en\/nuestra-empresa\/\" class=\"elementskit-btn  whitespace--normal\" id=\"\">\n\t\t\t\t\tArmored plate\t\t\t\t<\/a>\n\t\t\t\t\t<\/div>\n        <\/div>\t\t\t\t<\/div>\n\t\t\t\t<\/div>\n\t\t\t\t\t<\/div>\n\t\t\t\t<\/div>\n\t\t<div class=\"elementor-element elementor-element-786621a e-flex e-con-boxed e-con e-parent\" data-id=\"786621a\" data-element_type=\"container\" data-e-type=\"container\">\n\t\t\t\t\t<div class=\"e-con-inner\">\n\t\t<div class=\"elementor-element elementor-element-67c667f e-con-full e-flex e-con e-child\" data-id=\"67c667f\" data-element_type=\"container\" data-e-type=\"container\">\n\t\t\t\t<div class=\"elementor-element elementor-element-2801c1c elementor-widget elementor-widget-heading\" data-id=\"2801c1c\" data-element_type=\"widget\" data-e-type=\"widget\" data-widget_type=\"heading.default\">\n\t\t\t\t\t<h2 class=\"elementor-heading-title elementor-size-default\">We repair all types of pools whatever their support (concrete, gresite, polyester, steel or EPS)<\/h2>\t\t\t\t<\/div>\n\t\t\t\t<div class=\"elementor-element elementor-element-112bda0 elementor-widget elementor-widget-image\" data-id=\"112bda0\" data-element_type=\"widget\" data-e-type=\"widget\" data-widget_type=\"image.default\">\n\t\t\t\t\t\t\t\t\t\t\t\t\t\t\t<img decoding=\"async\" width=\"800\" height=\"600\" src=\"https:\/\/www.jedapools.com\/wp-content\/uploads\/2025\/10\/3-1024x768.jpg\" class=\"attachment-large size-large wp-image-118\" alt=\"\" srcset=\"https:\/\/www.jedapools.com\/wp-content\/uploads\/2025\/10\/3-1024x768.jpg 1024w, https:\/\/www.jedapools.com\/wp-content\/uploads\/2025\/10\/3-300x225.jpg 300w, https:\/\/www.jedapools.com\/wp-content\/uploads\/2025\/10\/3-768x576.jpg 768w, https:\/\/www.jedapools.com\/wp-content\/uploads\/2025\/10\/3-16x12.jpg 16w, https:\/\/www.jedapools.com\/wp-content\/uploads\/2025\/10\/3.jpg 1060w\" sizes=\"(max-width: 800px) 100vw, 800px\" \/>\t\t\t\t\t\t\t\t\t\t\t\t\t\t\t<\/div>\n\t\t\t\t<\/div>\n\t\t<div class=\"elementor-element elementor-element-57afa18 e-con-full e-flex e-con e-child\" data-id=\"57afa18\" data-element_type=\"container\" data-e-type=\"container\">\n\t\t\t\t<div class=\"elementor-element elementor-element-8820309 elementor-widget elementor-widget-image\" data-id=\"8820309\" data-element_type=\"widget\" data-e-type=\"widget\" data-widget_type=\"image.default\">\n\t\t\t\t\t\t\t\t\t\t\t\t\t\t\t<img decoding=\"async\" width=\"596\" height=\"795\" src=\"https:\/\/www.jedapools.com\/wp-content\/uploads\/2025\/10\/1.jpg\" class=\"attachment-full size-full wp-image-113\" alt=\"\" srcset=\"https:\/\/www.jedapools.com\/wp-content\/uploads\/2025\/10\/1.jpg 596w, https:\/\/www.jedapools.com\/wp-content\/uploads\/2025\/10\/1-225x300.jpg 225w, https:\/\/www.jedapools.com\/wp-content\/uploads\/2025\/10\/1-9x12.jpg 9w\" sizes=\"(max-width: 596px) 100vw, 596px\" \/>\t\t\t\t\t\t\t\t\t\t\t\t\t\t\t<\/div>\n\t\t\t\t<\/div>\n\t\t\t\t\t<\/div>\n\t\t\t\t<\/div>\n\t\t\t\t<\/div>","protected":false},"excerpt":{"rendered":"<p>JE&amp;DA POOLS L\u00e1mina armada para piscinas Antes de buscar alternativas poco fiables y sin garant\u00edas, te ofrecemos todo el asesoramiento t\u00e9cnico y profesional que ofrece la l\u00e1mina armada de PVC. Nuestra empresa L\u00e1mina armada La l\u00e1mina armada de PVC se adapta a todas las formas, creando un vestido a medida para tu piscina mediante la [&hellip;]<\/p>\n","protected":false},"author":1,"featured_media":0,"parent":0,"menu_order":0,"comment_status":"closed","ping_status":"closed","template":"","meta":{"footnotes":""},"class_list":["post-7","page","type-page","status-publish","hentry"],"_links":{"self":[{"href":"https:\/\/www.jedapools.com\/en\/wp-json\/wp\/v2\/pages\/7","targetHints":{"allow":["GET"]}}],"collection":[{"href":"https:\/\/www.jedapools.com\/en\/wp-json\/wp\/v2\/pages"}],"about":[{"href":"https:\/\/www.jedapools.com\/en\/wp-json\/wp\/v2\/types\/page"}],"author":[{"embeddable":true,"href":"https:\/\/www.jedapools.com\/en\/wp-json\/wp\/v2\/users\/1"}],"replies":[{"embeddable":true,"href":"https:\/\/www.jedapools.com\/en\/wp-json\/wp\/v2\/comments?post=7"}],"version-history":[{"count":35,"href":"https:\/\/www.jedapools.com\/en\/wp-json\/wp\/v2\/pages\/7\/revisions"}],"predecessor-version":[{"id":409,"href":"https:\/\/www.jedapools.com\/en\/wp-json\/wp\/v2\/pages\/7\/revisions\/409"}],"wp:attachment":[{"href":"https:\/\/www.jedapools.com\/en\/wp-json\/wp\/v2\/media?parent=7"}],"curies":[{"name":"wp","href":"https:\/\/api.w.org\/{rel}","templated":true}]}}