{"id":3,"date":"2025-10-15T17:57:27","date_gmt":"2025-10-15T17:57:27","guid":{"rendered":"https:\/\/www.jedapools.com\/?page_id=3"},"modified":"2025-11-11T14:52:03","modified_gmt":"2025-11-11T14:52:03","slug":"politica-de-privacidad","status":"publish","type":"page","link":"https:\/\/www.jedapools.com\/en\/politica-de-privacidad\/","title":{"rendered":"Privacy policy"},"content":{"rendered":"<div data-elementor-type=\"wp-page\" data-elementor-id=\"3\" class=\"elementor elementor-3\">\n\t\t\t\t<div class=\"elementor-element elementor-element-aa94701 e-flex e-con-boxed e-con e-parent\" data-id=\"aa94701\" data-element_type=\"container\" data-e-type=\"container\">\n\t\t\t\t\t<div class=\"e-con-inner\">\n\t\t\t\t<div class=\"elementor-element elementor-element-7b5bf00 elementor-widget elementor-widget-page-title\" data-id=\"7b5bf00\" data-element_type=\"widget\" data-e-type=\"widget\" data-widget_type=\"page-title.default\">\n\t\t\t\t<div class=\"elementor-widget-container\">\n\t\t\t\t\t\t\t\n\t\t<div class=\"hfe-page-title hfe-page-title-wrapper elementor-widget-heading\">\n\n\t\t\t\t\t\t\t\t\t\t\t<a href=\"https:\/\/www.jedapools.com\/en\">\n\t\t\t\t\t\t<h2 class=\"elementor-heading-title elementor-size-default\">\n\t\t\t\t\t\t\t\t\n\t\t\t\tPrivacy policy  \n\t\t\t<\/h2> \n\t\t\t\t\t\t\t\t\t<\/a>\n\t\t\t\t\t<\/div>\n\t\t\t\t\t\t<\/div>\n\t\t\t\t<\/div>\n\t\t\t\t\t<\/div>\n\t\t\t\t<\/div>\n\t\t<div class=\"elementor-element elementor-element-8ce458f e-flex e-con-boxed e-con e-parent\" data-id=\"8ce458f\" data-element_type=\"container\" data-e-type=\"container\">\n\t\t\t\t\t<div class=\"e-con-inner\">\n\t\t\t\t<div class=\"elementor-element elementor-element-1758b3e elementor-widget elementor-widget-text-editor\" data-id=\"1758b3e\" data-element_type=\"widget\" data-e-type=\"widget\" data-widget_type=\"text-editor.default\">\n\t\t\t\t\t\t\t\t\t<div class=\"pagelayer-col-holder\"><div class=\"p-6ej9580 pagelayer-text\"><div class=\"pagelayer-text-holder\"><h5>\u00bfQui\u00e9n es el responsable del tratamiento de sus datos?<\/h5><strong>Identidad<\/strong>: GUNITADOS Y ACABADOS DE PISCINAS ELX, S.L.<strong><br \/>CIF<\/strong>: B53971529<strong><br \/>Direcci\u00f3n postal<\/strong>: Partida Urques N\u00ba6, 03578 &#8211; Relleu (ALICANTE).<strong><br \/>Phone<\/strong>: 902104134\u00a0<strong><br \/>E-mail<\/strong>: administracion@gunitadoselx.com<\/div><\/div><div class=\"p-kar3860 pagelayer-text\"><div class=\"pagelayer-text-holder\"><h5>\u00bfC\u00f3mo hemos obtenido sus datos y qu\u00e9 datos tratamos?<\/h5>Los datos personales objeto de tratamiento proceden directamente de Usted. Las categor\u00edas de datos que se tratan son los proporcionados por la red social y los de sus im\u00e1genes.<br \/>En ning\u00fan caso se tratan datos especialmente protegidos para la finalidad descrita.<\/div><\/div><div class=\"p-nk66106 pagelayer-text\"><div class=\"pagelayer-text-holder\"><h5>\u00bfCon qu\u00e9 finalidad tratamos sus datos personales?<\/h5>Tratamos la informaci\u00f3n que nos facilita para el mantenimiento de contacto y gesti\u00f3n de redes sociales.<\/div><\/div><div class=\"p-roh2941 pagelayer-text\"><div class=\"pagelayer-text-holder\"><h5>\u00bfCu\u00e1l es la legitimaci\u00f3n para el tratamiento de sus datos?<\/h5><p>La base legal para el tratamiento de sus datos es el inter\u00e9s leg\u00edtimo de la empresa de mantener el contacto con sus contactos de la red social.<\/p><\/div><\/div><div class=\"p-f155315 pagelayer-text\"><div class=\"pagelayer-text-holder\"><h5>\u00bfA qu\u00e9 destinatarios se comunicar\u00e1n sus datos?<\/h5><p>Los datos personales no ser\u00e1n proporcionados a terceros, pero si ser\u00e1n accesibles por la red social como corresponsables.<\/p><\/div><\/div><div class=\"p-mzm9881 pagelayer-text\"><div class=\"pagelayer-text-holder\"><h5>\u00bfPor cu\u00e1nto tiempo conservaremos sus datos?<\/h5><p>Sus datos personales ser\u00e1n mantenidos mientras que no se oponga a ello.<\/p><\/div><\/div><div class=\"p-q5h4867 pagelayer-text\"><div class=\"pagelayer-text-holder\"><h5>\u00bfCu\u00e1les son sus derechos cuando nos facilita sus datos?<\/h5><p>El interesado tiene los siguientes derechos, respecto de los datos personales registrados en la entidad:<\/p><ul><li><strong>Derecho de acceso<\/strong>: El interesado tendr\u00e1 derecho a obtener confirmaci\u00f3n de si se est\u00e1n tratando o no datos personales que le conciernen y, en tal caso, derecho de acceso a los datos personales.<\/li><li><strong>Derecho de rectificaci\u00f3n<\/strong>: El interesado tendr\u00e1 derecho a obtener sin dilaci\u00f3n indebida del responsable del tratamiento la rectificaci\u00f3n de los datos personales inexactos que le conciernan.<\/li><li><strong>Derecho de supresi\u00f3n<\/strong>: El interesado tendr\u00e1 derecho a obtener la supresi\u00f3n de los datos personales que le conciernan.<\/li><li><strong>Derecho a la limitaci\u00f3n de los datos<\/strong>: El interesado tendr\u00e1 derecho a obtener la limitaci\u00f3n del tratamiento de los datos.<\/li><li><strong>Derecho a la portabilidad de los datos<\/strong>: El interesado tendr\u00e1 derecho a recibir los datos personales que le incumban, que haya facilitado a un responsable del tratamiento, en un formato estructurado, de uso com\u00fan y lectura mec\u00e1nica, y a transmitirlos a otro responsable del tratamiento sin que lo impida el responsable al que se los hubiera facilitado.<\/li><li><strong>Derecho a oposici\u00f3n<\/strong>: El interesado tendr\u00e1 derecho a oponerse en cualquier momento, por motivos relacionados con su situaci\u00f3n particular, a que datos personales que le conciernan sean objeto de un tratamiento basado en el inter\u00e9s leg\u00edtimo. Dejaremos de tratar los datos, salvo por motivos leg\u00edtimos imperiosos, o el ejercicio o la defensa de posibles reclamaciones.<\/li><\/ul><p><br \/>Recuerde que en todo momento podr\u00e1 presentar una reclamaci\u00f3n ante la autoridad de control.<\/p><\/div><\/div><\/div>\t\t\t\t\t\t\t\t<\/div>\n\t\t\t\t\t<\/div>\n\t\t\t\t<\/div>\n\t\t\t\t<\/div>","protected":false},"excerpt":{"rendered":"<p>Pol\u00edtica de privacidad \u00bfQui\u00e9n es el responsable del tratamiento de sus datos? Identidad: GUNITADOS Y ACABADOS DE PISCINAS ELX, S.L.CIF: B53971529Direcci\u00f3n postal: Partida Urques N\u00ba6, 03578 &#8211; Relleu (ALICANTE).Tel\u00e9fono: 902104134\u00a0Correo electr\u00f3nico: administracion@gunitadoselx.com \u00bfC\u00f3mo hemos obtenido sus datos y qu\u00e9 datos tratamos? Los datos personales objeto de tratamiento proceden directamente de Usted. Las categor\u00edas de datos [&hellip;]<\/p>\n","protected":false},"author":1,"featured_media":0,"parent":0,"menu_order":0,"comment_status":"closed","ping_status":"open","template":"","meta":{"footnotes":""},"class_list":["post-3","page","type-page","status-publish","hentry"],"_links":{"self":[{"href":"https:\/\/www.jedapools.com\/en\/wp-json\/wp\/v2\/pages\/3","targetHints":{"allow":["GET"]}}],"collection":[{"href":"https:\/\/www.jedapools.com\/en\/wp-json\/wp\/v2\/pages"}],"about":[{"href":"https:\/\/www.jedapools.com\/en\/wp-json\/wp\/v2\/types\/page"}],"author":[{"embeddable":true,"href":"https:\/\/www.jedapools.com\/en\/wp-json\/wp\/v2\/users\/1"}],"replies":[{"embeddable":true,"href":"https:\/\/www.jedapools.com\/en\/wp-json\/wp\/v2\/comments?post=3"}],"version-history":[{"count":10,"href":"https:\/\/www.jedapools.com\/en\/wp-json\/wp\/v2\/pages\/3\/revisions"}],"predecessor-version":[{"id":422,"href":"https:\/\/www.jedapools.com\/en\/wp-json\/wp\/v2\/pages\/3\/revisions\/422"}],"wp:attachment":[{"href":"https:\/\/www.jedapools.com\/en\/wp-json\/wp\/v2\/media?parent=3"}],"curies":[{"name":"wp","href":"https:\/\/api.w.org\/{rel}","templated":true}]}}