{"id":2,"date":"2025-10-15T17:57:27","date_gmt":"2025-10-15T17:57:27","guid":{"rendered":"https:\/\/www.jedapools.com\/?page_id=2"},"modified":"2025-10-19T16:46:33","modified_gmt":"2025-10-19T16:46:33","slug":"nuestra-empresa","status":"publish","type":"page","link":"https:\/\/www.jedapools.com\/en\/nuestra-empresa\/","title":{"rendered":"Company"},"content":{"rendered":"<div data-elementor-type=\"wp-page\" data-elementor-id=\"2\" class=\"elementor elementor-2\">\n\t\t\t\t<div class=\"elementor-element elementor-element-98743b5 e-flex e-con-boxed e-con e-parent\" data-id=\"98743b5\" data-element_type=\"container\" data-e-type=\"container\" data-settings=\"{&quot;background_background&quot;:&quot;classic&quot;}\">\n\t\t\t\t\t<div class=\"e-con-inner\">\n\t\t\t\t\t<\/div>\n\t\t\t\t<\/div>\n\t\t<div class=\"elementor-element elementor-element-f77f7bb e-flex e-con-boxed e-con e-parent\" data-id=\"f77f7bb\" data-element_type=\"container\" data-e-type=\"container\">\n\t\t\t\t\t<div class=\"e-con-inner\">\n\t\t\t\t<div class=\"elementor-element elementor-element-3561bd2 elementor-widget elementor-widget-elementskit-heading\" data-id=\"3561bd2\" data-element_type=\"widget\" data-e-type=\"widget\" data-widget_type=\"elementskit-heading.default\">\n\t\t\t\t\t<div class=\"ekit-wid-con\" ><div class=\"ekit-heading elementskit-section-title-wraper text_center   ekit_heading_tablet-   ekit_heading_mobile-\"><h1 class=\"ekit-heading--title elementskit-section-title\">JE&amp;DAPOOLS<\/h1><div class=\"ekit_heading_separetor_wraper ekit_heading_elementskit-border-divider elementskit-style-long\"><div class=\"elementskit-border-divider elementskit-style-long\"><\/div><\/div><\/div><\/div>\t\t\t\t<\/div>\n\t\t\t\t\t<\/div>\n\t\t\t\t<\/div>\n\t\t<div class=\"elementor-element elementor-element-f6e2273 e-grid e-con-boxed e-con e-parent\" data-id=\"f6e2273\" data-element_type=\"container\" data-e-type=\"container\">\n\t\t\t\t\t<div class=\"e-con-inner\">\n\t\t\t\t<div class=\"elementor-element elementor-element-4bcc743 elementor-widget elementor-widget-image\" data-id=\"4bcc743\" data-element_type=\"widget\" data-e-type=\"widget\" data-widget_type=\"image.default\">\n\t\t\t\t\t\t\t\t\t\t\t\t\t\t\t<img fetchpriority=\"high\" decoding=\"async\" width=\"800\" height=\"600\" src=\"https:\/\/www.jedapools.com\/wp-content\/uploads\/2025\/10\/2-1024x768.jpg\" class=\"attachment-large size-large wp-image-117\" alt=\"\" srcset=\"https:\/\/www.jedapools.com\/wp-content\/uploads\/2025\/10\/2-1024x768.jpg 1024w, https:\/\/www.jedapools.com\/wp-content\/uploads\/2025\/10\/2-300x225.jpg 300w, https:\/\/www.jedapools.com\/wp-content\/uploads\/2025\/10\/2-768x576.jpg 768w, https:\/\/www.jedapools.com\/wp-content\/uploads\/2025\/10\/2-16x12.jpg 16w, https:\/\/www.jedapools.com\/wp-content\/uploads\/2025\/10\/2.jpg 1060w\" sizes=\"(max-width: 800px) 100vw, 800px\" \/>\t\t\t\t\t\t\t\t\t\t\t\t\t\t\t<\/div>\n\t\t\t\t<div class=\"elementor-element elementor-element-ec56eb1 elementor-widget elementor-widget-text-editor\" data-id=\"ec56eb1\" data-element_type=\"widget\" data-e-type=\"widget\" data-widget_type=\"text-editor.default\">\n\t\t\t\t\t\t\t\t\t<div id=\"brxe-wbefht\" class=\"brxe-block\"><div id=\"brxe-mdyfwa\" class=\"brxe-text\"><p>JE&amp;DA is the merger of two companies in the PVC reinforced sheet swimming pool repair sector.<\/p><p>Given the growing demand of this matter, we believe that it is good for our customers, to expand the radius of action, which so far was comprised in 4 provinces, Girona, Barcelona, Tarragona and Alicante.<\/p><p>That is why we decided to expand our work area in 2021 to cover practically the entire Mediterranean coast, from Girona to the region of Murcia.<\/p><p>We work with the world\u2019s leading brand in reinforced sheet metal (CGT ALKOR), which offers us a 15-year warranty.<\/p><p>All our installers are certified by the brand (CGT ALKOR), being registered in the database of the only distributor in Spain of the product (Dobach pool service).<\/p><p>We also offer services to companies in the sector, which for different reasons cannot or do not know about pvc sheeting. At the same time, we also offer gunite and concrete finishing services throughout the aforementioned territory.<\/p><\/div><\/div>\t\t\t\t\t\t\t\t<\/div>\n\t\t\t\t\t<\/div>\n\t\t\t\t<\/div>\n\t\t\t\t<\/div>","protected":false},"excerpt":{"rendered":"<p>JE&amp;DAPOOLS JE&amp;DA es la fusi\u00f3n de dos empresas del sector de la reparaci\u00f3n de piscinas con l\u00e1mina armada de PVC. Dado el crecimiento de demanda de esta materia, creemos que es bueno para nuestros clientes, ampliar el radio de actuaci\u00f3n, que hasta el momento se comprend\u00eda en 4 provincias, Girona, Barcelona, Tarragona y Alicante. Es [&hellip;]<\/p>\n","protected":false},"author":1,"featured_media":0,"parent":0,"menu_order":0,"comment_status":"closed","ping_status":"open","template":"","meta":{"footnotes":""},"class_list":["post-2","page","type-page","status-publish","hentry"],"_links":{"self":[{"href":"https:\/\/www.jedapools.com\/en\/wp-json\/wp\/v2\/pages\/2","targetHints":{"allow":["GET"]}}],"collection":[{"href":"https:\/\/www.jedapools.com\/en\/wp-json\/wp\/v2\/pages"}],"about":[{"href":"https:\/\/www.jedapools.com\/en\/wp-json\/wp\/v2\/types\/page"}],"author":[{"embeddable":true,"href":"https:\/\/www.jedapools.com\/en\/wp-json\/wp\/v2\/users\/1"}],"replies":[{"embeddable":true,"href":"https:\/\/www.jedapools.com\/en\/wp-json\/wp\/v2\/comments?post=2"}],"version-history":[{"count":8,"href":"https:\/\/www.jedapools.com\/en\/wp-json\/wp\/v2\/pages\/2\/revisions"}],"predecessor-version":[{"id":341,"href":"https:\/\/www.jedapools.com\/en\/wp-json\/wp\/v2\/pages\/2\/revisions\/341"}],"wp:attachment":[{"href":"https:\/\/www.jedapools.com\/en\/wp-json\/wp\/v2\/media?parent=2"}],"curies":[{"name":"wp","href":"https:\/\/api.w.org\/{rel}","templated":true}]}}