{"id":177,"date":"2025-10-18T08:45:25","date_gmt":"2025-10-18T08:45:25","guid":{"rendered":"https:\/\/www.jedapools.com\/?page_id=177"},"modified":"2025-10-20T13:17:53","modified_gmt":"2025-10-20T13:17:53","slug":"politica-de-cookies","status":"publish","type":"page","link":"https:\/\/www.jedapools.com\/en\/politica-de-cookies\/","title":{"rendered":"Cookie preferences"},"content":{"rendered":"<div data-elementor-type=\"wp-page\" data-elementor-id=\"177\" class=\"elementor elementor-177\">\n\t\t\t\t<div class=\"elementor-element elementor-element-f02c43f e-flex e-con-boxed e-con e-parent\" data-id=\"f02c43f\" data-element_type=\"container\" data-e-type=\"container\">\n\t\t\t\t\t<div class=\"e-con-inner\">\n\t\t\t\t<div class=\"elementor-element elementor-element-56fdabb elementor-widget elementor-widget-page-title\" data-id=\"56fdabb\" data-element_type=\"widget\" data-e-type=\"widget\" data-widget_type=\"page-title.default\">\n\t\t\t\t<div class=\"elementor-widget-container\">\n\t\t\t\t\t\t\t\n\t\t<div class=\"hfe-page-title hfe-page-title-wrapper elementor-widget-heading\">\n\n\t\t\t\t\t\t\t\t\t\t\t<a href=\"https:\/\/www.jedapools.com\/en\">\n\t\t\t\t\t\t<h2 class=\"elementor-heading-title elementor-size-default\">\n\t\t\t\t\t\t\t\t\n\t\t\t\tCookie preferences  \n\t\t\t<\/h2> \n\t\t\t\t\t\t\t\t\t<\/a>\n\t\t\t\t\t<\/div>\n\t\t\t\t\t\t<\/div>\n\t\t\t\t<\/div>\n\t\t\t\t<div class=\"elementor-element elementor-element-dc63065 elementor-widget elementor-widget-text-editor\" data-id=\"dc63065\" data-element_type=\"widget\" data-e-type=\"widget\" data-widget_type=\"text-editor.default\">\n\t\t\t\t\t\t\t\t\t<main id=\"brx-content\"><section id=\"brxe-eoquyp\" class=\"brxe-section\"><div id=\"brxe-pthyiv\" class=\"brxe-container\"><div id=\"brxe-hqaqkw\" class=\"brxe-text\"><p>This website uses its own cookies and\/or similar technologies that store and retrieve information when you browse. Below, you can review the cookies and\/or similar technologies used on this website.<\/p><p><strong>FIRST-PARTY COOKIES<\/strong><\/p><p><strong>T\u00e9cnicas o necesarias<\/strong><br \/>Technical or strictly necessary cookies are those that allow the user to navigate a website and use the different options or services available on it, such as controlling traffic and data communication, identifying the session, accessing restricted areas, remembering the items in an order, carrying out the purchase process, managing payment, controlling fraud related to the security of the service, submitting a registration or participation request for an event, using security elements during browsing, storing content for video or audio playback, enabling dynamic content (for example, loading animations for text or images), sharing content through social networks, or customizing the user interface whenever it is the user who chooses the desired customization options.<\/p><p>The legal basis that legitimizes this processing is the execution and maintenance of the service requested by the user. These cookies will remain active while the user stays on the website.<\/p><p><strong>MORE INFORMATION ABOUT THE PROCESSING OF PERSONAL DATA<\/strong><br \/>You can find more information about the processing of your personal data by accessing our <em><strong><a href=\"https:\/\/www.jedapools.com\/en\/politica-de-privacidad\/\">Privacy Policy.<\/a><\/strong><\/em><\/p><\/div><\/div><\/section><\/main>\t\t\t\t\t\t\t\t<\/div>\n\t\t\t\t\t<\/div>\n\t\t\t\t<\/div>\n\t\t\t\t<\/div>","protected":false},"excerpt":{"rendered":"<p>Pol\u00edtica de cookies Este sitio web utiliza cookies y\/o tecnolog\u00edas similares propias, que almacenan y recuperan informaci\u00f3n cuando navegas. A continuaci\u00f3n, puede consultar las cookies y\/o tecnolog\u00edas similares utilizadas en este sitio web. COOKIES PROPIAS T\u00e9cnicas o necesariasLas cookies t\u00e9cnicas o estrictamente necesarias son aquellas que permiten al usuario la navegaci\u00f3n a trav\u00e9s de una [&hellip;]<\/p>\n","protected":false},"author":1,"featured_media":0,"parent":0,"menu_order":0,"comment_status":"closed","ping_status":"closed","template":"","meta":{"footnotes":""},"class_list":["post-177","page","type-page","status-publish","hentry"],"_links":{"self":[{"href":"https:\/\/www.jedapools.com\/en\/wp-json\/wp\/v2\/pages\/177","targetHints":{"allow":["GET"]}}],"collection":[{"href":"https:\/\/www.jedapools.com\/en\/wp-json\/wp\/v2\/pages"}],"about":[{"href":"https:\/\/www.jedapools.com\/en\/wp-json\/wp\/v2\/types\/page"}],"author":[{"embeddable":true,"href":"https:\/\/www.jedapools.com\/en\/wp-json\/wp\/v2\/users\/1"}],"replies":[{"embeddable":true,"href":"https:\/\/www.jedapools.com\/en\/wp-json\/wp\/v2\/comments?post=177"}],"version-history":[{"count":10,"href":"https:\/\/www.jedapools.com\/en\/wp-json\/wp\/v2\/pages\/177\/revisions"}],"predecessor-version":[{"id":395,"href":"https:\/\/www.jedapools.com\/en\/wp-json\/wp\/v2\/pages\/177\/revisions\/395"}],"wp:attachment":[{"href":"https:\/\/www.jedapools.com\/en\/wp-json\/wp\/v2\/media?parent=177"}],"curies":[{"name":"wp","href":"https:\/\/api.w.org\/{rel}","templated":true}]}}