{"id":167,"date":"2025-10-18T08:43:48","date_gmt":"2025-10-18T08:43:48","guid":{"rendered":"https:\/\/www.jedapools.com\/?page_id=167"},"modified":"2025-10-20T09:01:42","modified_gmt":"2025-10-20T09:01:42","slug":"lamina-armada","status":"publish","type":"page","link":"https:\/\/www.jedapools.com\/en\/lamina-armada\/","title":{"rendered":"Armored Plate"},"content":{"rendered":"<div data-elementor-type=\"wp-page\" data-elementor-id=\"167\" class=\"elementor elementor-167\">\n\t\t\t\t<div class=\"elementor-element elementor-element-6669411 e-flex e-con-boxed e-con e-parent\" data-id=\"6669411\" data-element_type=\"container\" data-e-type=\"container\" data-settings=\"{&quot;background_background&quot;:&quot;classic&quot;}\">\n\t\t\t\t\t<div class=\"e-con-inner\">\n\t\t\t\t\t<\/div>\n\t\t\t\t<\/div>\n\t\t<div class=\"elementor-element elementor-element-2e6a94a e-flex e-con-boxed e-con e-parent\" data-id=\"2e6a94a\" data-element_type=\"container\" data-e-type=\"container\">\n\t\t\t\t\t<div class=\"e-con-inner\">\n\t\t\t\t<div class=\"elementor-element elementor-element-841c97c elementor-widget elementor-widget-elementskit-heading\" data-id=\"841c97c\" data-element_type=\"widget\" data-e-type=\"widget\" data-widget_type=\"elementskit-heading.default\">\n\t\t\t\t\t<div class=\"ekit-wid-con\" ><div class=\"ekit-heading elementskit-section-title-wraper text_center   ekit_heading_tablet-   ekit_heading_mobile-\"><h1 class=\"ekit-heading--title elementskit-section-title\">Armored Plate<\/h1><div class=\"ekit_heading_separetor_wraper ekit_heading_elementskit-border-divider elementskit-style-long\"><div class=\"elementskit-border-divider elementskit-style-long\"><\/div><\/div><\/div><\/div>\t\t\t\t<\/div>\n\t\t\t\t<div class=\"elementor-element elementor-element-7e34b53 elementor-widget elementor-widget-text-editor\" data-id=\"7e34b53\" data-element_type=\"widget\" data-e-type=\"widget\" data-widget_type=\"text-editor.default\">\n\t\t\t\t\t\t\t\t\t<section id=\"brxe-dbbfxz\" class=\"brxe-section\"><div id=\"brxe-nibwlx\" class=\"brxe-container\"><div id=\"brxe-xpdbxh\" class=\"brxe-text\"><p class=\"Standard\"><span lang=\"es\">The reinforced sheet is undoubtedly the best guarantee for the rehabilitation and new work in swimming pools.<\/span><\/p><p class=\"Standard\"><span lang=\"es\">\u00a0<\/span><span lang=\"es\">We work with the world\u2019s number 1 selling manufacturer <strong>CGT Alkor<\/strong> , which offers us a 15-year guarantee on the watertightness of the vessel.<\/span><\/p><\/div><\/div><\/section>\t\t\t\t\t\t\t\t<\/div>\n\t\t\t\t\t<\/div>\n\t\t\t\t<\/div>\n\t\t<div class=\"elementor-element elementor-element-f98f9b1 e-grid e-con-boxed e-con e-parent\" data-id=\"f98f9b1\" data-element_type=\"container\" data-e-type=\"container\">\n\t\t\t\t\t<div class=\"e-con-inner\">\n\t\t<div class=\"elementor-element elementor-element-9af76a5 e-con-full e-flex e-con e-child\" data-id=\"9af76a5\" data-element_type=\"container\" data-e-type=\"container\">\n\t\t\t\t<div class=\"elementor-element elementor-element-594a1e5 elementor-widget elementor-widget-heading\" data-id=\"594a1e5\" data-element_type=\"widget\" data-e-type=\"widget\" data-widget_type=\"heading.default\">\n\t\t\t\t\t<h2 class=\"elementor-heading-title elementor-size-default\">What is the reinforced sheet?<\/h2>\t\t\t\t<\/div>\n\t\t\t\t<div class=\"elementor-element elementor-element-e3527dc elementor-widget elementor-widget-text-editor\" data-id=\"e3527dc\" data-element_type=\"widget\" data-e-type=\"widget\" data-widget_type=\"text-editor.default\">\n\t\t\t\t\t\t\t\t\t<div id=\"brxe-pstxfo\" class=\"brxe-text\"><p class=\"Standard\"><span lang=\"es\">The reinforced sheet is a reinforced pvc membrane, which comes in reel formats of 25 mts long x 1.65 mts wide that allows us to manufacture in situ a custom dress for your pool, at the same time, cover all kinds of complements that it may have inside, whether stairs, seats, elephant legs or any idea that our customers may arise.<\/span><\/p><p class=\"Standard\"><span lang=\"es\">Its thickness is between 1.5mm and 1.8mm depending on the models and ranges.<\/span><\/p><p class=\"Standard\"><span lang=\"es\">It is a product that is used for both private and public swimming pools, taking into account that it offers all the quality certificates required at European and world level.<\/span><\/p><\/div>\t\t\t\t\t\t\t\t<\/div>\n\t\t\t\t<\/div>\n\t\t\t\t<div class=\"elementor-element elementor-element-1ff27cb elementor-widget elementor-widget-image\" data-id=\"1ff27cb\" data-element_type=\"widget\" data-e-type=\"widget\" data-widget_type=\"image.default\">\n\t\t\t\t\t\t\t\t\t\t\t\t\t\t\t<img fetchpriority=\"high\" decoding=\"async\" width=\"729\" height=\"1024\" src=\"https:\/\/www.jedapools.com\/wp-content\/uploads\/2025\/10\/IMG_5243-729x1024-1.jpg\" class=\"attachment-large size-large wp-image-234\" alt=\"\" srcset=\"https:\/\/www.jedapools.com\/wp-content\/uploads\/2025\/10\/IMG_5243-729x1024-1.jpg 729w, https:\/\/www.jedapools.com\/wp-content\/uploads\/2025\/10\/IMG_5243-729x1024-1-214x300.jpg 214w, https:\/\/www.jedapools.com\/wp-content\/uploads\/2025\/10\/IMG_5243-729x1024-1-9x12.jpg 9w\" sizes=\"(max-width: 729px) 100vw, 729px\" \/>\t\t\t\t\t\t\t\t\t\t\t\t\t\t\t<\/div>\n\t\t\t\t\t<\/div>\n\t\t\t\t<\/div>\n\t\t<div class=\"elementor-element elementor-element-b23ff17 e-grid e-con-boxed e-con e-parent\" data-id=\"b23ff17\" data-element_type=\"container\" data-e-type=\"container\">\n\t\t\t\t\t<div class=\"e-con-inner\">\n\t\t\t\t<div class=\"elementor-element elementor-element-7e18477 elementor-widget elementor-widget-image\" data-id=\"7e18477\" data-element_type=\"widget\" data-e-type=\"widget\" data-widget_type=\"image.default\">\n\t\t\t\t\t\t\t\t\t\t\t\t\t\t\t<img decoding=\"async\" width=\"480\" height=\"640\" src=\"https:\/\/www.jedapools.com\/wp-content\/uploads\/2025\/10\/Soldar-a-Testa-foto-1.jpg\" class=\"attachment-full size-full wp-image-232\" alt=\"\" srcset=\"https:\/\/www.jedapools.com\/wp-content\/uploads\/2025\/10\/Soldar-a-Testa-foto-1.jpg 480w, https:\/\/www.jedapools.com\/wp-content\/uploads\/2025\/10\/Soldar-a-Testa-foto-1-225x300.jpg 225w, https:\/\/www.jedapools.com\/wp-content\/uploads\/2025\/10\/Soldar-a-Testa-foto-1-9x12.jpg 9w\" sizes=\"(max-width: 480px) 100vw, 480px\" \/>\t\t\t\t\t\t\t\t\t\t\t\t\t\t\t<\/div>\n\t\t<div class=\"elementor-element elementor-element-2a32338 e-con-full e-flex e-con e-child\" data-id=\"2a32338\" data-element_type=\"container\" data-e-type=\"container\">\n\t\t\t\t<div class=\"elementor-element elementor-element-375315b elementor-widget elementor-widget-heading\" data-id=\"375315b\" data-element_type=\"widget\" data-e-type=\"widget\" data-widget_type=\"heading.default\">\n\t\t\t\t\t<h2 class=\"elementor-heading-title elementor-size-default\">How is it installed?<\/h2>\t\t\t\t<\/div>\n\t\t\t\t<div class=\"elementor-element elementor-element-cfe1c3e elementor-widget elementor-widget-text-editor\" data-id=\"cfe1c3e\" data-element_type=\"widget\" data-e-type=\"widget\" data-widget_type=\"text-editor.default\">\n\t\t\t\t\t\t\t\t\t<div id=\"brxe-pstxfo\" class=\"brxe-text\"><div id=\"brxe-gyiyxy\" class=\"brxe-text\"><p class=\"Standard\"><span lang=\"es\">This product is installed by thermofusion, overlapping between the pieces or welded to the head by means of an invisible band that does not allow us to see the welds.<\/span><\/p><p class=\"Standard\"><span lang=\"es\">We previously fixed some laminated profiles just below the coping stone of the pool and from these profiles we started to make the dress.<\/span><\/p><p class=\"Standard\"><span lang=\"es\">All welds will be checked by our technicians prior to filling, as well as the sealing between sheets by means of liquid pvc.<\/span><\/p><p class=\"Standard\"><span lang=\"es\">The filling of the pool can be done right after finishing the work, without having to wait for other materials on the market to set.<\/span><\/p><p class=\"Standard\"><span lang=\"es\">That is why the reinforced sheet is the best solution for the rehabilitation of swimming pools and it is a trend at the moment, being a sector that grows every year more and more.<\/span><\/p><\/div><\/div>\t\t\t\t\t\t\t\t<\/div>\n\t\t\t\t<\/div>\n\t\t\t\t\t<\/div>\n\t\t\t\t<\/div>\n\t\t<div class=\"elementor-element elementor-element-4ce0573 e-grid e-con-boxed e-con e-parent\" data-id=\"4ce0573\" data-element_type=\"container\" data-e-type=\"container\">\n\t\t\t\t\t<div class=\"e-con-inner\">\n\t\t<div class=\"elementor-element elementor-element-837463a e-con-full e-flex e-con e-child\" data-id=\"837463a\" data-element_type=\"container\" data-e-type=\"container\">\n\t\t\t\t<div class=\"elementor-element elementor-element-eee4832 elementor-widget elementor-widget-heading\" data-id=\"eee4832\" data-element_type=\"widget\" data-e-type=\"widget\" data-widget_type=\"heading.default\">\n\t\t\t\t\t<h2 class=\"elementor-heading-title elementor-size-default\">Solape Welding<\/h2>\t\t\t\t<\/div>\n\t\t\t\t<div class=\"elementor-element elementor-element-55dbff2 elementor-widget elementor-widget-image\" data-id=\"55dbff2\" data-element_type=\"widget\" data-e-type=\"widget\" data-widget_type=\"image.default\">\n\t\t\t\t\t\t\t\t\t\t\t\t\t\t\t<img decoding=\"async\" width=\"768\" height=\"768\" src=\"https:\/\/www.jedapools.com\/wp-content\/uploads\/2025\/10\/Soldar-normal-1-768x768-1.jpg\" class=\"attachment-large size-large wp-image-246\" alt=\"\" srcset=\"https:\/\/www.jedapools.com\/wp-content\/uploads\/2025\/10\/Soldar-normal-1-768x768-1.jpg 768w, https:\/\/www.jedapools.com\/wp-content\/uploads\/2025\/10\/Soldar-normal-1-768x768-1-300x300.jpg 300w, https:\/\/www.jedapools.com\/wp-content\/uploads\/2025\/10\/Soldar-normal-1-768x768-1-150x150.jpg 150w, https:\/\/www.jedapools.com\/wp-content\/uploads\/2025\/10\/Soldar-normal-1-768x768-1-12x12.jpg 12w\" sizes=\"(max-width: 768px) 100vw, 768px\" \/>\t\t\t\t\t\t\t\t\t\t\t\t\t\t\t<\/div>\n\t\t\t\t<\/div>\n\t\t\t\t<div class=\"elementor-element elementor-element-3bae5a9 elementor-widget elementor-widget-image\" data-id=\"3bae5a9\" data-element_type=\"widget\" data-e-type=\"widget\" data-widget_type=\"image.default\">\n\t\t\t\t\t\t\t\t\t\t\t\t\t\t\t<img loading=\"lazy\" decoding=\"async\" width=\"800\" height=\"600\" src=\"https:\/\/www.jedapools.com\/wp-content\/uploads\/2025\/10\/8-1024x768.jpg\" class=\"attachment-large size-large wp-image-247\" alt=\"\" srcset=\"https:\/\/www.jedapools.com\/wp-content\/uploads\/2025\/10\/8-1024x768.jpg 1024w, https:\/\/www.jedapools.com\/wp-content\/uploads\/2025\/10\/8-300x225.jpg 300w, https:\/\/www.jedapools.com\/wp-content\/uploads\/2025\/10\/8-768x576.jpg 768w, https:\/\/www.jedapools.com\/wp-content\/uploads\/2025\/10\/8-16x12.jpg 16w, https:\/\/www.jedapools.com\/wp-content\/uploads\/2025\/10\/8.jpg 1060w\" sizes=\"(max-width: 800px) 100vw, 800px\" \/>\t\t\t\t\t\t\t\t\t\t\t\t\t\t\t<\/div>\n\t\t\t\t\t<\/div>\n\t\t\t\t<\/div>\n\t\t<div class=\"elementor-element elementor-element-6f036aa e-grid e-con-boxed e-con e-parent\" data-id=\"6f036aa\" data-element_type=\"container\" data-e-type=\"container\">\n\t\t\t\t\t<div class=\"e-con-inner\">\n\t\t\t\t<div class=\"elementor-element elementor-element-e4301bc elementor-widget elementor-widget-image\" data-id=\"e4301bc\" data-element_type=\"widget\" data-e-type=\"widget\" data-widget_type=\"image.default\">\n\t\t\t\t\t\t\t\t\t\t\t\t\t\t\t<img loading=\"lazy\" decoding=\"async\" width=\"480\" height=\"640\" src=\"https:\/\/www.jedapools.com\/wp-content\/uploads\/2025\/10\/Soldar-a-Testa-foto-2.jpg\" class=\"attachment-large size-large wp-image-248\" alt=\"\" srcset=\"https:\/\/www.jedapools.com\/wp-content\/uploads\/2025\/10\/Soldar-a-Testa-foto-2.jpg 480w, https:\/\/www.jedapools.com\/wp-content\/uploads\/2025\/10\/Soldar-a-Testa-foto-2-225x300.jpg 225w, https:\/\/www.jedapools.com\/wp-content\/uploads\/2025\/10\/Soldar-a-Testa-foto-2-9x12.jpg 9w\" sizes=\"(max-width: 480px) 100vw, 480px\" \/>\t\t\t\t\t\t\t\t\t\t\t\t\t\t\t<\/div>\n\t\t<div class=\"elementor-element elementor-element-77de65f e-con-full e-flex e-con e-child\" data-id=\"77de65f\" data-element_type=\"container\" data-e-type=\"container\">\n\t\t\t\t<div class=\"elementor-element elementor-element-950a67b elementor-widget elementor-widget-heading\" data-id=\"950a67b\" data-element_type=\"widget\" data-e-type=\"widget\" data-widget_type=\"heading.default\">\n\t\t\t\t\t<h2 class=\"elementor-heading-title elementor-size-default\">Welding Testa<\/h2>\t\t\t\t<\/div>\n\t\t\t\t<div class=\"elementor-element elementor-element-1bc6cfa elementor-widget elementor-widget-image\" data-id=\"1bc6cfa\" data-element_type=\"widget\" data-e-type=\"widget\" data-widget_type=\"image.default\">\n\t\t\t\t\t\t\t\t\t\t\t\t\t\t\t<img loading=\"lazy\" decoding=\"async\" width=\"640\" height=\"480\" src=\"https:\/\/www.jedapools.com\/wp-content\/uploads\/2025\/10\/Soldar-a-Testa-foto-3.jpg\" class=\"attachment-large size-large wp-image-249\" alt=\"\" srcset=\"https:\/\/www.jedapools.com\/wp-content\/uploads\/2025\/10\/Soldar-a-Testa-foto-3.jpg 640w, https:\/\/www.jedapools.com\/wp-content\/uploads\/2025\/10\/Soldar-a-Testa-foto-3-300x225.jpg 300w, https:\/\/www.jedapools.com\/wp-content\/uploads\/2025\/10\/Soldar-a-Testa-foto-3-16x12.jpg 16w\" sizes=\"(max-width: 640px) 100vw, 640px\" \/>\t\t\t\t\t\t\t\t\t\t\t\t\t\t\t<\/div>\n\t\t\t\t<\/div>\n\t\t\t\t\t<\/div>\n\t\t\t\t<\/div>\n\t\t\t\t<\/div>","protected":false},"excerpt":{"rendered":"<p>L\u00e1mina Armada La l\u00e1mina armada es sin duda la mejor garant\u00eda para la rehabilitaci\u00f3n y obra nueva en piscinas. \u00a0Trabajamos con el fabricante n\u00famero 1 en ventas a nivel mundial CGT Alkor que nos ofrece 15 a\u00f1os de garant\u00eda sobre la estanqueidad del vaso. \u00bfQu\u00e9 es la l\u00e1mina armada? La l\u00e1mina armada es una membrana [&hellip;]<\/p>\n","protected":false},"author":1,"featured_media":0,"parent":0,"menu_order":0,"comment_status":"closed","ping_status":"closed","template":"","meta":{"footnotes":""},"class_list":["post-167","page","type-page","status-publish","hentry"],"_links":{"self":[{"href":"https:\/\/www.jedapools.com\/en\/wp-json\/wp\/v2\/pages\/167","targetHints":{"allow":["GET"]}}],"collection":[{"href":"https:\/\/www.jedapools.com\/en\/wp-json\/wp\/v2\/pages"}],"about":[{"href":"https:\/\/www.jedapools.com\/en\/wp-json\/wp\/v2\/types\/page"}],"author":[{"embeddable":true,"href":"https:\/\/www.jedapools.com\/en\/wp-json\/wp\/v2\/users\/1"}],"replies":[{"embeddable":true,"href":"https:\/\/www.jedapools.com\/en\/wp-json\/wp\/v2\/comments?post=167"}],"version-history":[{"count":31,"href":"https:\/\/www.jedapools.com\/en\/wp-json\/wp\/v2\/pages\/167\/revisions"}],"predecessor-version":[{"id":376,"href":"https:\/\/www.jedapools.com\/en\/wp-json\/wp\/v2\/pages\/167\/revisions\/376"}],"wp:attachment":[{"href":"https:\/\/www.jedapools.com\/en\/wp-json\/wp\/v2\/media?parent=167"}],"curies":[{"name":"wp","href":"https:\/\/api.w.org\/{rel}","templated":true}]}}